{"id":694,"date":"2025-02-06T15:28:05","date_gmt":"2025-02-06T15:28:05","guid":{"rendered":"https:\/\/www.mecanicacenter.com\/blog\/?page_id=694"},"modified":"2025-02-07T18:18:28","modified_gmt":"2025-02-07T18:18:28","slug":"paquetes","status":"publish","type":"page","link":"https:\/\/www.mecanicacenter.com\/blog\/paquetes\/","title":{"rendered":"Paquetes"},"content":{"rendered":"<div id=\"pl-694\"  class=\"panel-layout\" ><div id=\"pg-694-0\"  class=\"panel-grid panel-has-style\" ><div class=\"siteorigin-panels-stretch panel-row-style panel-row-style-for-694-0\" data-stretch-type=\"full\" ><div id=\"pgc-694-0-0\"  class=\"panel-grid-cell\" ><div id=\"panel-694-0-0-0\" class=\"so-panel widget widget_sow-headline panel-first-child panel-last-child\" data-index=\"0\" ><div class=\"panel-widget-style panel-widget-style-for-694-0-0-0\" ><div\n\t\t\t\n\t\t\tclass=\"so-widget-sow-headline so-widget-sow-headline-default-bec91f9fa72d-694 so-widget-fittext-wrapper\"\n\t\t\t data-fit-text-compressor=\"0.85\"\n\t\t><div class=\"sow-headline-container \">\n\t\t\t\t\t\t\t<h2 class=\"sow-headline\">\n\t\t\t\t\t\tPaquetes\t\t\t\t\t\t<\/h2>\n\t\t\t\t\t\t<\/div>\n<\/div><\/div><\/div><\/div><\/div><\/div><div id=\"pg-694-1\"  class=\"panel-grid panel-has-style\" ><div class=\"so-parallax panel-row-style panel-row-style-for-694-1\" ><img fetchpriority=\"high\" decoding=\"async\" width=\"1938\" height=\"1088\" src=\"https:\/\/www.mecanicacenter.com\/blog\/wp-content\/uploads\/2025\/01\/servicio.webp\" class=\"attachment-full size-full\" alt=\"\" data-siteorigin-parallax=\"true\" loading=\"eager\" srcset=\"https:\/\/www.mecanicacenter.com\/blog\/wp-content\/uploads\/2025\/01\/servicio.webp 1938w, https:\/\/www.mecanicacenter.com\/blog\/wp-content\/uploads\/2025\/01\/servicio-300x168.webp 300w, https:\/\/www.mecanicacenter.com\/blog\/wp-content\/uploads\/2025\/01\/servicio-1024x575.webp 1024w, https:\/\/www.mecanicacenter.com\/blog\/wp-content\/uploads\/2025\/01\/servicio-768x431.webp 768w, https:\/\/www.mecanicacenter.com\/blog\/wp-content\/uploads\/2025\/01\/servicio-1536x862.webp 1536w, https:\/\/www.mecanicacenter.com\/blog\/wp-content\/uploads\/2025\/01\/servicio-650x365.webp 650w\" sizes=\"(max-width: 1938px) 100vw, 1938px\" \/><div id=\"pgc-694-1-0\"  class=\"panel-grid-cell panel-grid-cell-mobile-last\" ><div class=\"panel-cell-style panel-cell-style-for-694-1-0\" ><div id=\"panel-694-1-0-0\" class=\"so-panel widget widget_sow-editor panel-first-child\" data-index=\"1\" ><div\n\t\t\t\n\t\t\tclass=\"so-widget-sow-editor so-widget-sow-editor-base\"\n\t\t\t\n\t\t>\n<div class=\"siteorigin-widget-tinymce textwidget\">\n\t<h2><span style=\"color: #c0282d;\"><strong>Servicio Mayor<\/strong><\/span><\/h2>\n<p>En <strong>Mec\u00e1nica Center<\/strong>, nos dedicamos a cuidar de tu veh\u00edculo con un servicio de est\u00e9tica Interior y exterior completo y profesional. Mant\u00e9n tu auto en las mejores condiciones est\u00e9ticas con nuestro paquete integral desde $3,799 MXN, que incluye:<\/p>\n<ul>\n<li><strong>Lavado Exterior Completo<\/strong>:<\/li>\n<li><strong>Pulido y Encerado<\/strong><\/li>\n<li><strong>Limpieza de Rines y Llantas<\/strong><\/li>\n<li><strong>Aspirado y Limpieza de Interiores<\/strong><\/li>\n<li><strong>Limpieza de Tapicer\u00eda y Alfombras<\/strong><\/li>\n<li><strong>Tratamiento de Pl\u00e1sticos y Vinilos<\/strong><\/li>\n<\/ul>\n<p style=\"text-align: center;\"><span style=\"color: #706f6f;\"><em>Aplican restricciones<\/em><\/span><\/p>\n<\/div>\n<\/div><\/div><div id=\"panel-694-1-0-1\" class=\"so-panel widget widget_sow-button panel-last-child\" data-index=\"2\" ><div\n\t\t\t\n\t\t\tclass=\"so-widget-sow-button so-widget-sow-button-wire-7bc139b903f5-694\"\n\t\t\t\n\t\t><div class=\"ow-button-base ow-button-align-center\"\n>\n\t\t\t<a\n\t\t\t\t\thref=\"https:\/\/www.mecanicacenter.com\/blog\/solicita-tu-cotizacion\/\"\n\t\t\t\t\tclass=\"sowb-button ow-icon-placement-left ow-button-hover\" target=\"_blank\" rel=\"noopener noreferrer\" \t>\n\t\t<span>\n\t\t\t\n\t\t\t\u00a1Agenda tu cita HOY!\t\t<\/span>\n\t\t\t<\/a>\n\t<\/div>\n<\/div><\/div><\/div><\/div><div id=\"pgc-694-1-1\"  class=\"panel-grid-cell panel-grid-cell-empty\" ><\/div><\/div><\/div><div id=\"pg-694-2\"  class=\"panel-grid panel-has-style\" ><div class=\"so-parallax panel-row-style panel-row-style-for-694-2\" ><img decoding=\"async\" width=\"1938\" height=\"1088\" src=\"https:\/\/www.mecanicacenter.com\/blog\/wp-content\/uploads\/2025\/01\/elevador.webp\" class=\"attachment-full size-full\" alt=\"\" data-siteorigin-parallax=\"true\" loading=\"eager\" srcset=\"https:\/\/www.mecanicacenter.com\/blog\/wp-content\/uploads\/2025\/01\/elevador.webp 1938w, https:\/\/www.mecanicacenter.com\/blog\/wp-content\/uploads\/2025\/01\/elevador-300x168.webp 300w, https:\/\/www.mecanicacenter.com\/blog\/wp-content\/uploads\/2025\/01\/elevador-1024x575.webp 1024w, https:\/\/www.mecanicacenter.com\/blog\/wp-content\/uploads\/2025\/01\/elevador-768x431.webp 768w, https:\/\/www.mecanicacenter.com\/blog\/wp-content\/uploads\/2025\/01\/elevador-1536x862.webp 1536w, https:\/\/www.mecanicacenter.com\/blog\/wp-content\/uploads\/2025\/01\/elevador-650x365.webp 650w\" sizes=\"(max-width: 1938px) 100vw, 1938px\" \/><div id=\"pgc-694-2-0\"  class=\"panel-grid-cell panel-grid-cell-mobile-last\" ><div class=\"panel-cell-style panel-cell-style-for-694-2-0\" ><div id=\"panel-694-2-0-0\" class=\"so-panel widget widget_sow-editor panel-first-child\" data-index=\"3\" ><div\n\t\t\t\n\t\t\tclass=\"so-widget-sow-editor so-widget-sow-editor-base\"\n\t\t\t\n\t\t>\n<div class=\"siteorigin-widget-tinymce textwidget\">\n\t<h2><span style=\"color: #c0282d;\"><b>Paquete carretera<\/b><\/span><\/h2>\n<p>En <strong>Mec\u00e1nica Center<\/strong>, cuidamos de tu veh\u00edculo con nuestro Paquete Carretera est\u00e1 dise\u00f1ado para ofrecerte una experiencia de conducci\u00f3n segura y c\u00f3moda. Obtenlo desde <strong>$1,199 MXN<\/strong>, que incluye:<\/p>\n<ul>\n<li><strong>Escaneo Completo<\/strong><\/li>\n<li><strong>Lavado Exterior de la Unidad<\/strong><\/li>\n<li><strong>Aspirado de Interiores<\/strong><\/li>\n<li><strong>Alineaci\u00f3n y Balanceo<\/strong><\/li>\n<li><strong>Rotaci\u00f3n de Llantas<\/strong><\/li>\n<li><strong>Revisi\u00f3n y Diagn\u00f3stico del Sistema de Frenado, Suspensi\u00f3n y Bandas<\/strong><\/li>\n<\/ul>\n<p style=\"text-align: center;\"><span style=\"color: #706f6f;\"><em>Aplican restricciones<\/em><\/span><\/p>\n<\/div>\n<\/div><\/div><div id=\"panel-694-2-0-1\" class=\"so-panel widget widget_sow-button panel-last-child\" data-index=\"4\" ><div\n\t\t\t\n\t\t\tclass=\"so-widget-sow-button so-widget-sow-button-wire-7bc139b903f5-694\"\n\t\t\t\n\t\t><div class=\"ow-button-base ow-button-align-center\"\n>\n\t\t\t<a\n\t\t\t\t\thref=\"https:\/\/www.mecanicacenter.com\/blog\/solicita-tu-cotizacion\/\"\n\t\t\t\t\tclass=\"sowb-button ow-icon-placement-left ow-button-hover\" target=\"_blank\" rel=\"noopener noreferrer\" \t>\n\t\t<span>\n\t\t\t\n\t\t\t\u00a1Agenda tu cita HOY!\t\t<\/span>\n\t\t\t<\/a>\n\t<\/div>\n<\/div><\/div><\/div><\/div><div id=\"pgc-694-2-1\"  class=\"panel-grid-cell panel-grid-cell-empty\" ><\/div><\/div><\/div><div id=\"pg-694-3\"  class=\"panel-grid panel-has-style\" ><div class=\"so-parallax panel-row-style panel-row-style-for-694-3\" ><img decoding=\"async\" width=\"1280\" height=\"960\" src=\"https:\/\/www.mecanicacenter.com\/blog\/wp-content\/uploads\/2025\/02\/Imagen-de-WhatsApp-2025-01-21-a-las-17.06.23_d95b936b.jpg\" class=\"attachment-full size-full\" alt=\"\" data-siteorigin-parallax=\"true\" loading=\"eager\" srcset=\"https:\/\/www.mecanicacenter.com\/blog\/wp-content\/uploads\/2025\/02\/Imagen-de-WhatsApp-2025-01-21-a-las-17.06.23_d95b936b.jpg 1280w, https:\/\/www.mecanicacenter.com\/blog\/wp-content\/uploads\/2025\/02\/Imagen-de-WhatsApp-2025-01-21-a-las-17.06.23_d95b936b-300x225.jpg 300w, https:\/\/www.mecanicacenter.com\/blog\/wp-content\/uploads\/2025\/02\/Imagen-de-WhatsApp-2025-01-21-a-las-17.06.23_d95b936b-1024x768.jpg 1024w, https:\/\/www.mecanicacenter.com\/blog\/wp-content\/uploads\/2025\/02\/Imagen-de-WhatsApp-2025-01-21-a-las-17.06.23_d95b936b-768x576.jpg 768w, https:\/\/www.mecanicacenter.com\/blog\/wp-content\/uploads\/2025\/02\/Imagen-de-WhatsApp-2025-01-21-a-las-17.06.23_d95b936b-650x488.jpg 650w\" sizes=\"(max-width: 1280px) 100vw, 1280px\" \/><div id=\"pgc-694-3-0\"  class=\"panel-grid-cell panel-grid-cell-mobile-last\" ><div class=\"panel-cell-style panel-cell-style-for-694-3-0\" ><div id=\"panel-694-3-0-0\" class=\"so-panel widget widget_sow-editor panel-first-child\" data-index=\"5\" ><div\n\t\t\t\n\t\t\tclass=\"so-widget-sow-editor so-widget-sow-editor-base\"\n\t\t\t\n\t\t>\n<div class=\"siteorigin-widget-tinymce textwidget\">\n\t<h2><span style=\"color: #c0282d;\"><strong>Est\u00e9tica Interior y Exterior<\/strong><\/span><\/h2>\n<p>En <strong>Mec\u00e1nica Center<\/strong>, nos dedicamos a cuidar de tu veh\u00edculo con un servicio de\u00a0<strong>Est\u00e9tica Interior y Exterior<\/strong>\u00a0completo y profesional. Mant\u00e9n tu auto en las mejores condiciones est\u00e9ticas con nuestro paquete integral desde\u00a0<strong>$3,799 MXN<\/strong>, que incluye:<\/p>\n<ul>\n<li><strong>Lavado Exterior Completo<\/strong>:<\/li>\n<li><strong>Pulido y Encerado<\/strong><\/li>\n<li><strong>Limpieza de Rines y Llantas<\/strong><\/li>\n<li><strong>Aspirado y Limpieza de Interiores<\/strong><\/li>\n<li><strong>Limpieza de Tapicer\u00eda y Alfombras<\/strong><\/li>\n<li><strong>Tratamiento de Pl\u00e1sticos y Vinilos<\/strong><\/li>\n<\/ul>\n<p style=\"text-align: center;\"><span style=\"color: #706f6f;\"><em>Aplican restricciones<\/em><\/span><\/p>\n<\/div>\n<\/div><\/div><div id=\"panel-694-3-0-1\" class=\"so-panel widget widget_sow-button panel-last-child\" data-index=\"6\" ><div\n\t\t\t\n\t\t\tclass=\"so-widget-sow-button so-widget-sow-button-wire-7bc139b903f5-694\"\n\t\t\t\n\t\t><div class=\"ow-button-base ow-button-align-center\"\n>\n\t\t\t<a\n\t\t\t\t\thref=\"https:\/\/www.mecanicacenter.com\/blog\/solicita-tu-cotizacion\/\"\n\t\t\t\t\tclass=\"sowb-button ow-icon-placement-left ow-button-hover\" target=\"_blank\" rel=\"noopener noreferrer\" \t>\n\t\t<span>\n\t\t\t\n\t\t\t\u00a1Agenda tu cita HOY!\t\t<\/span>\n\t\t\t<\/a>\n\t<\/div>\n<\/div><\/div><\/div><\/div><div id=\"pgc-694-3-1\"  class=\"panel-grid-cell panel-grid-cell-empty\" ><\/div><\/div><\/div><\/div>","protected":false},"excerpt":{"rendered":"<p>Servicio Mayor En Mec\u00e1nica Center, nos dedicamos a cuidar de tu veh\u00edculo con un servicio de est\u00e9tica Interior y exterior completo y profesional. Mant\u00e9n tu auto en las mejores condiciones est\u00e9ticas con nuestro paquete integral desde $3,799 MXN, que incluye: Lavado Exterior Completo: Pulido y Encerado Limpieza de Rines y Llantas Aspirado y Limpieza de [&hellip;]<\/p>\n","protected":false},"author":5,"featured_media":0,"parent":0,"menu_order":0,"comment_status":"closed","ping_status":"closed","template":"","meta":{"footnotes":""},"class_list":["post-694","page","type-page","status-publish","hentry","post"],"_links":{"self":[{"href":"https:\/\/www.mecanicacenter.com\/blog\/wp-json\/wp\/v2\/pages\/694","targetHints":{"allow":["GET"]}}],"collection":[{"href":"https:\/\/www.mecanicacenter.com\/blog\/wp-json\/wp\/v2\/pages"}],"about":[{"href":"https:\/\/www.mecanicacenter.com\/blog\/wp-json\/wp\/v2\/types\/page"}],"author":[{"embeddable":true,"href":"https:\/\/www.mecanicacenter.com\/blog\/wp-json\/wp\/v2\/users\/5"}],"replies":[{"embeddable":true,"href":"https:\/\/www.mecanicacenter.com\/blog\/wp-json\/wp\/v2\/comments?post=694"}],"version-history":[{"count":8,"href":"https:\/\/www.mecanicacenter.com\/blog\/wp-json\/wp\/v2\/pages\/694\/revisions"}],"predecessor-version":[{"id":704,"href":"https:\/\/www.mecanicacenter.com\/blog\/wp-json\/wp\/v2\/pages\/694\/revisions\/704"}],"wp:attachment":[{"href":"https:\/\/www.mecanicacenter.com\/blog\/wp-json\/wp\/v2\/media?parent=694"}],"curies":[{"name":"wp","href":"https:\/\/api.w.org\/{rel}","templated":true}]}}